{"id":71292,"date":"2025-10-27T19:34:03","date_gmt":"2025-10-27T19:34:03","guid":{"rendered":"https:\/\/goveaimmigration.com\/conoce-a-tu-consultor\/"},"modified":"2025-11-07T22:44:49","modified_gmt":"2025-11-07T22:44:49","slug":"conoce-a-tu-consultor","status":"publish","type":"page","link":"https:\/\/goveaimmigration.com\/es\/conoce-a-tu-consultor\/","title":{"rendered":"Conoce a tu Consultor"},"content":{"rendered":"<p>[et_pb_section fb_built=&#8221;1&#8243; custom_padding_last_edited=&#8221;on|tablet&#8221; _builder_version=&#8221;4.27.4&#8243; _module_preset=&#8221;default&#8221; use_background_color_gradient=&#8221;on&#8221; background_color_gradient_direction=&#8221;90deg&#8221; background_color_gradient_stops=&#8221;rgba(0,55,91,0.79) 44%|rgba(0,55,91,0.79) 100%&#8221; background_color_gradient_overlays_image=&#8221;on&#8221; background_image=&#8221;https:\/\/goveaimmigration.com\/wp-content\/uploads\/2025\/10\/TORONTOSKYLINE.jpg.jpeg&#8221; custom_margin=&#8221;0px||0px||false|false&#8221; custom_padding=&#8221;200px||0px||false|false&#8221; custom_padding_tablet=&#8221;120px||0px||false|false&#8221; custom_padding_phone=&#8221;159px||0px||false|false&#8221; animation_style=&#8221;fade&#8221; animation_speed_curve=&#8221;ease&#8221; global_colors_info=&#8221;{}&#8221;][et_pb_row module_class=&#8221;lawyer-31-inlbtn-sc&#8221; _builder_version=&#8221;4.27.4&#8243; _module_preset=&#8221;default&#8221; width=&#8221;90%&#8221; max_width=&#8221;1300px&#8221; custom_margin=&#8221;0px|auto|22px|auto|false|false&#8221; custom_margin_tablet=&#8221;0px||120px||false|false&#8221; custom_margin_phone=&#8221;0px|auto|16px|auto|false|false&#8221; custom_margin_last_edited=&#8221;on|tablet&#8221; custom_padding=&#8221;0px||0px||false|false&#8221; global_colors_info=&#8221;{}&#8221;][et_pb_column type=&#8221;4_4&#8243; _builder_version=&#8221;4.24.3&#8243; _module_preset=&#8221;default&#8221; global_colors_info=&#8221;{}&#8221;][et_pb_text _builder_version=&#8221;4.27.4&#8243; _module_preset=&#8221;default&#8221; header_font=&#8221;Marcellus|700|||||||&#8221; header_text_align=&#8221;left&#8221; header_text_color=&#8221;#FFFFFF&#8221; header_font_size=&#8221;72px&#8221; custom_margin=&#8221;0px||15px||false|false&#8221; custom_padding=&#8221;0px||0px||false|false&#8221; animation_style=&#8221;slide&#8221; animation_direction=&#8221;right&#8221; animation_delay=&#8221;500ms&#8221; animation_intensity_slide=&#8221;4%&#8221; animation_speed_curve=&#8221;ease&#8221; header_font_size_tablet=&#8221;72px&#8221; header_font_size_phone=&#8221;40px&#8221; header_font_size_last_edited=&#8221;on|phone&#8221; global_colors_info=&#8221;{}&#8221;]<\/p>\n<h1>Conoce a tu Consultor<\/h1>\n<p>[\/et_pb_text][\/et_pb_column][\/et_pb_row][et_pb_row _builder_version=&#8221;4.27.4&#8243; _module_preset=&#8221;default&#8221; width=&#8221;100%&#8221; max_width=&#8221;100%&#8221; custom_margin=&#8221;0px||0px||false|false&#8221; custom_padding=&#8221;0px||0px||false|false&#8221; global_colors_info=&#8221;{}&#8221;][et_pb_column type=&#8221;4_4&#8243; _builder_version=&#8221;4.24.3&#8243; _module_preset=&#8221;default&#8221; global_colors_info=&#8221;{}&#8221;][et_pb_divider color=&#8221;rgba(255,255,255,0.5)&#8221; _builder_version=&#8221;4.24.3&#8243; _module_preset=&#8221;default&#8221; max_height=&#8221;1px&#8221; custom_margin=&#8221;0px||0px||false|false&#8221; custom_padding=&#8221;0px||0px||false|false&#8221; global_colors_info=&#8221;{}&#8221;][\/et_pb_divider][\/et_pb_column][\/et_pb_row][\/et_pb_section][et_pb_section fb_built=&#8221;1&#8243; custom_padding_last_edited=&#8221;on|phone&#8221; _builder_version=&#8221;4.24.3&#8243; _module_preset=&#8221;default&#8221; background_image=&#8221;https:\/\/goveaimmigration.com\/wp-content\/uploads\/2025\/10\/lawyer-31-mxd-4.png&#8221; background_size=&#8221;custom&#8221; background_image_width=&#8221;30%&#8221; background_position=&#8221;center_right&#8221; custom_margin=&#8221;0px||0px||false|false&#8221; custom_padding=&#8221;120px||120px||false|false&#8221; custom_padding_tablet=&#8221;120px||120px||false|false&#8221; custom_padding_phone=&#8221;90px||90px||false|false&#8221; background_last_edited=&#8221;on|phone&#8221; background_enable_image_phone=&#8221;off&#8221; global_colors_info=&#8221;{}&#8221;][et_pb_row column_structure=&#8221;1_2,1_2&#8243; use_custom_gutter=&#8221;on&#8221; gutter_width=&#8221;1&#8243; module_class=&#8221;lawyer-31-imgf-c-sc&#8221; _builder_version=&#8221;4.27.4&#8243; _module_preset=&#8221;default&#8221; width=&#8221;90%&#8221; max_width=&#8221;1300px&#8221; custom_margin=&#8221;0px||0px||false|false&#8221; custom_padding=&#8221;0px||0px||false|false&#8221; global_colors_info=&#8221;{}&#8221;][et_pb_column type=&#8221;1_2&#8243; _builder_version=&#8221;4.24.3&#8243; _module_preset=&#8221;default&#8221; global_colors_info=&#8221;{}&#8221;][et_pb_image src=&#8221;https:\/\/goveaimmigration.com\/wp-content\/uploads\/2025\/10\/Untitleddesign.png.webp&#8221; title_text=&#8221;Untitled+design.png&#8221; align=&#8221;center&#8221; force_fullwidth=&#8221;on&#8221; _builder_version=&#8221;4.27.4&#8243; _module_preset=&#8221;default&#8221; height=&#8221;720px&#8221; height_tablet=&#8221;100%&#8221; height_phone=&#8221;100%&#8221; height_last_edited=&#8221;on|phone&#8221; custom_margin=&#8221;0px||0px||false|false&#8221; custom_padding=&#8221;0px||0px||false|false&#8221; animation_style=&#8221;slide&#8221; animation_direction=&#8221;bottom&#8221; animation_intensity_slide=&#8221;4%&#8221; animation_speed_curve=&#8221;ease&#8221; global_colors_info=&#8221;{}&#8221;][\/et_pb_image][et_pb_code admin_label=&#8221;img size cover code&#8221; _builder_version=&#8221;4.24.3&#8243; _module_preset=&#8221;default&#8221; custom_margin=&#8221;0px||0px||false|false&#8221; custom_padding=&#8221;0px||0px||false|false&#8221; global_colors_info=&#8221;{}&#8221;]<\/p>\n<style><!-- [et_pb_line_break_holder] -->  .lawyer-31-imgf-c-sc .et_pb_image  img{<!-- [et_pb_line_break_holder] -->    object-fit: cover;<!-- [et_pb_line_break_holder] -->  } <!-- [et_pb_line_break_holder] --><\/style>\n<p>[\/et_pb_code][\/et_pb_column][et_pb_column type=&#8221;1_2&#8243; _builder_version=&#8221;4.24.3&#8243; _module_preset=&#8221;default&#8221; custom_padding=&#8221;|||60px|false|false&#8221; custom_padding_tablet=&#8221;90px|||0px|false|false&#8221; custom_padding_phone=&#8221;55px||||false|false&#8221; custom_padding_last_edited=&#8221;on|tablet&#8221; global_colors_info=&#8221;{}&#8221;][et_pb_blurb icon_placement=&#8221;left&#8221; image_icon_width=&#8221;55px&#8221; _builder_version=&#8221;4.27.4&#8243; _module_preset=&#8221;default&#8221; header_font=&#8221;Manrope|600|||||||&#8221; header_text_align=&#8221;left&#8221; header_text_color=&#8221;#e1b75f&#8221; header_font_size=&#8221;16px&#8221; body_font=&#8221;Marcellus|700|||||||&#8221; body_text_align=&#8221;left&#8221; body_text_color=&#8221;gcid-primary-color&#8221; body_font_size=&#8221;45px&#8221; body_line_height=&#8221;1.1em&#8221; image_icon_custom_margin=&#8221;0px|8px|0px|0px|false|false&#8221; image_icon_custom_padding=&#8221;0px||0px|0px|false|false&#8221; custom_margin=&#8221;0px||0px||false|false&#8221; custom_padding=&#8221;0px||5px|0px|false|false&#8221; animation=&#8221;off&#8221; custom_css_free_form=&#8221;.et_pb_blurb_position_left .et_pb_blurb_container {||    padding-left: 0px;||}&#8221; custom_css_blurb_title=&#8221;margin-bottom:-4px;&#8221; custom_css_blurb_content=&#8221;margin:0px;&#8221; global_colors_info=&#8221;{%22gcid-primary-color%22:%91%22body_text_color%22%93}&#8221;]<\/p>\n<p>Miguel Govea<\/p>\n<p>[\/et_pb_blurb][et_pb_text _builder_version=&#8221;4.24.3&#8243; _module_preset=&#8221;default&#8221; text_font=&#8221;Marcellus|700|||||||&#8221; text_text_color=&#8221;#333333&#8243; text_font_size=&#8221;17px&#8221; text_line_height=&#8221;1.6em&#8221; custom_margin=&#8221;0px||20px||false|false&#8221; custom_padding=&#8221;0px||0px||false|false&#8221; locked=&#8221;off&#8221; global_colors_info=&#8221;{}&#8221;]<\/p>\n<h2>RCIC-IRB<\/h2>\n<p>[\/et_pb_text][et_pb_text _builder_version=&#8221;4.27.4&#8243; _module_preset=&#8221;default&#8221; text_font=&#8221;Manrope||||||||&#8221; text_text_color=&#8221;#666666&#8243; text_font_size=&#8221;16px&#8221; text_line_height=&#8221;1.6em&#8221; custom_margin=&#8221;0px||12px||false|false&#8221; custom_padding=&#8221;0px||24px||false|false&#8221; border_width_bottom=&#8221;1px&#8221; border_color_bottom=&#8221;#dddddd&#8221; global_colors_info=&#8221;{}&#8221;]<\/p>\n<p class=\"\">Con una profunda pasi\u00f3n por ayudar a las personas a construir nuevas vidas en Canad\u00e1, Miguel Govea combina conocimientos legales, experiencia internacional y un s\u00f3lido compromiso con el \u00e9xito de sus clientes.<\/p>\n<p class=\"\">Antes de establecer su pr\u00e1ctica de inmigraci\u00f3n en Toronto, Miguel obtuvo un T\u00edtulo en Derecho en la Universidad Central de Venezuela, una maestr\u00eda en Gesti\u00f3n de Recursos Humanos, y un Certificado de Paralegal en Estados Unidos. Estas experiencias moldearon su comprensi\u00f3n de c\u00f3mo la inmigraci\u00f3n impacta no solo los procesos legales, sino tambi\u00e9n las vidas reales y las familias. <\/p>\n<p class=\"\">Miguel aborda cada caso con integridad, empat\u00eda y meticulosa atenci\u00f3n al detalle. Ya sea guiando a una familia en un proceso de patrocinio, asistiendo a un estudiante con su permiso de estudios o ayudando a un profesional a obtener la residencia permanente, se asegura de que cada cliente se sienta acompa\u00f1ado, informado y confiado durante todo su proceso. <\/p>\n<p class=\"\">M\u00e1s all\u00e1 de su labor como consultor, Miguel es profesor en Seneca Polytechnic, donde ense\u00f1a en el Programa de Gesti\u00f3n de Casos de Inmigraci\u00f3n (Immigration Case Managment Program) y gu\u00eda a futuros profesionales del sector, reflejando su compromiso con la educaci\u00f3n, la comunidad y el aprendizaje continuo.<\/p>\n<p class=\"\">Cuando trabajas con Miguel, no solo contratas a un consultor: te asocias con alguien que realmente se preocupa por tus metas y est\u00e1 dedicado a ayudarte a hacer de Canad\u00e1 tu hogar.<\/p>\n<p>[\/et_pb_text][et_pb_button button_url=&#8221;@ET-DC@eyJkeW5hbWljIjp0cnVlLCJjb250ZW50IjoicG9zdF9saW5rX3VybF9wYWdlIiwic2V0dGluZ3MiOnsicG9zdF9pZCI6IjE2OSJ9fQ==@&#8221; button_text=&#8221;Cont\u00e1ctalo&#8221; button_alignment=&#8221;left&#8221; _builder_version=&#8221;4.27.4&#8243; _dynamic_attributes=&#8221;button_url&#8221; _module_preset=&#8221;default&#8221; custom_button=&#8221;on&#8221; button_text_size=&#8221;14px&#8221; button_text_color=&#8221;#FFFFFF&#8221; button_bg_color=&#8221;gcid-primary-color&#8221; button_border_width=&#8221;0px&#8221; button_border_radius=&#8221;0px&#8221; button_font=&#8221;Marcellus|700|||||||&#8221; button_icon=&#8221;&#xf105;||fa||900&#8243; button_on_hover=&#8221;off&#8221; custom_margin=&#8221;0px|40px|0px|0px|false|false&#8221; custom_margin_tablet=&#8221;0px|40px|0px|0px|false|false&#8221; custom_margin_phone=&#8221;0px|30px|0px|0px|false|false&#8221; custom_margin_last_edited=&#8221;on|phone&#8221; custom_padding=&#8221;13px|42px|13px|30px|false|false&#8221; animation_direction=&#8221;bottom&#8221; hover_enabled=&#8221;0&#8243; global_colors_info=&#8221;{%22gcid-primary-color%22:%91%22button_bg_color%22,%22button_bg_color__hover%22%93}&#8221; button_bg_color__hover_enabled=&#8221;on|desktop&#8221; button_text_color__hover_enabled=&#8221;on|hover&#8221; button_text_color__hover=&#8221;#FFFFFF&#8221; button_bg_color__hover=&#8221;#025b82&#8243; button_bg_enable_color__hover=&#8221;on&#8221; button_letter_spacing__hover_enabled=&#8221;off|desktop&#8221; button_letter_spacing__hover=&#8221;0px&#8221; sticky_enabled=&#8221;0&#8243;][\/et_pb_button][\/et_pb_column][\/et_pb_row][\/et_pb_section]<\/p>\n","protected":false},"excerpt":{"rendered":"<p>Conoce a tu ConsultorMiguel GoveaRCIC-IRBCon una profunda pasi\u00f3n por ayudar a las personas a construir nuevas vidas en Canad\u00e1, Miguel Govea combina conocimientos legales, experiencia internacional y un s\u00f3lido compromiso con el \u00e9xito de sus clientes. Antes de establecer su pr\u00e1ctica de inmigraci\u00f3n en Toronto, Miguel obtuvo un T\u00edtulo en Derecho en la Universidad Central [&hellip;]<\/p>\n","protected":false},"author":1,"featured_media":0,"parent":0,"menu_order":0,"comment_status":"closed","ping_status":"closed","template":"","meta":{"_et_pb_use_builder":"on","_et_pb_old_content":"","_et_gb_content_width":"","footnotes":""},"class_list":["post-71292","page","type-page","status-publish","hentry"],"_hostinger_reach_plugin_has_subscription_block":false,"_hostinger_reach_plugin_is_elementor":false,"_links":{"self":[{"href":"https:\/\/goveaimmigration.com\/es\/wp-json\/wp\/v2\/pages\/71292","targetHints":{"allow":["GET"]}}],"collection":[{"href":"https:\/\/goveaimmigration.com\/es\/wp-json\/wp\/v2\/pages"}],"about":[{"href":"https:\/\/goveaimmigration.com\/es\/wp-json\/wp\/v2\/types\/page"}],"author":[{"embeddable":true,"href":"https:\/\/goveaimmigration.com\/es\/wp-json\/wp\/v2\/users\/1"}],"replies":[{"embeddable":true,"href":"https:\/\/goveaimmigration.com\/es\/wp-json\/wp\/v2\/comments?post=71292"}],"version-history":[{"count":2,"href":"https:\/\/goveaimmigration.com\/es\/wp-json\/wp\/v2\/pages\/71292\/revisions"}],"predecessor-version":[{"id":71294,"href":"https:\/\/goveaimmigration.com\/es\/wp-json\/wp\/v2\/pages\/71292\/revisions\/71294"}],"wp:attachment":[{"href":"https:\/\/goveaimmigration.com\/es\/wp-json\/wp\/v2\/media?parent=71292"}],"curies":[{"name":"wp","href":"https:\/\/api.w.org\/{rel}","templated":true}]}}