{"id":71295,"date":"2025-10-27T21:31:31","date_gmt":"2025-10-27T21:31:31","guid":{"rendered":"https:\/\/goveaimmigration.com\/contactanos\/"},"modified":"2025-11-07T22:48:42","modified_gmt":"2025-11-07T22:48:42","slug":"contactanos","status":"publish","type":"page","link":"https:\/\/goveaimmigration.com\/es\/contactanos\/","title":{"rendered":"Cont\u00e1ctanos"},"content":{"rendered":"<p>[et_pb_section fb_built=&#8221;1&#8243; custom_padding_last_edited=&#8221;on|tablet&#8221; _builder_version=&#8221;4.27.4&#8243; _module_preset=&#8221;default&#8221; use_background_color_gradient=&#8221;on&#8221; background_color_gradient_direction=&#8221;90deg&#8221; background_color_gradient_stops=&#8221;rgba(0,55,91,0.79) 44%|rgba(0,55,91,0.79) 100%&#8221; background_color_gradient_overlays_image=&#8221;on&#8221; background_image=&#8221;https:\/\/goveaimmigration.com\/wp-content\/uploads\/2025\/10\/TORONTOSKYLINE.jpg.jpeg&#8221; custom_margin=&#8221;0px||0px||false|false&#8221; custom_padding=&#8221;192px||0px||false|false&#8221; custom_padding_tablet=&#8221;120px||0px||false|false&#8221; custom_padding_phone=&#8221;90px||||false|false&#8221; animation_style=&#8221;fade&#8221; animation_speed_curve=&#8221;ease&#8221; global_colors_info=&#8221;{}&#8221;][et_pb_row disabled_on=&#8221;on|on|off&#8221; module_class=&#8221;lawyer-31-inlbtn-sc&#8221; _builder_version=&#8221;4.27.4&#8243; _module_preset=&#8221;default&#8221; width=&#8221;90%&#8221; max_width=&#8221;1300px&#8221; custom_margin=&#8221;0px|auto|22px|auto|false|false&#8221; custom_margin_tablet=&#8221;0px||120px||false|false&#8221; custom_margin_phone=&#8221;90px||0px||false|false&#8221; custom_margin_last_edited=&#8221;on|tablet&#8221; custom_padding=&#8221;0px||0px||false|false&#8221; global_colors_info=&#8221;{}&#8221;][et_pb_column type=&#8221;4_4&#8243; _builder_version=&#8221;4.24.3&#8243; _module_preset=&#8221;default&#8221; global_colors_info=&#8221;{}&#8221;][et_pb_text _builder_version=&#8221;4.27.4&#8243; _module_preset=&#8221;default&#8221; header_font=&#8221;Marcellus|700|||||||&#8221; header_text_align=&#8221;left&#8221; header_text_color=&#8221;#FFFFFF&#8221; header_font_size=&#8221;72px&#8221; max_width=&#8221;700px&#8221; custom_margin=&#8221;0px||15px||false|false&#8221; custom_padding=&#8221;0px||0px||false|false&#8221; animation_style=&#8221;slide&#8221; animation_direction=&#8221;right&#8221; animation_delay=&#8221;500ms&#8221; animation_intensity_slide=&#8221;4%&#8221; animation_speed_curve=&#8221;ease&#8221; header_font_size_tablet=&#8221;72px&#8221; header_font_size_phone=&#8221;40px&#8221; header_font_size_last_edited=&#8221;on|phone&#8221; global_colors_info=&#8221;{}&#8221;]<\/p>\n<h1>CONTACTO<\/h1>\n<p>[\/et_pb_text][et_pb_code admin_label=&#8221;inline-button code&#8221; _builder_version=&#8221;4.24.3&#8243; _module_preset=&#8221;default&#8221; custom_margin=&#8221;0px||0px||false|false&#8221; custom_padding=&#8221;0px||0px||false|false&#8221; global_colors_info=&#8221;{}&#8221;]<\/p>\n<style><!-- [et_pb_line_break_holder] -->  .lawyer-31-inlbtn-sc<!-- [et_pb_line_break_holder] -->.et_pb_button_module_wrapper {<!-- [et_pb_line_break_holder] -->display: inline-block;<!-- [et_pb_line_break_holder] --><!-- [et_pb_line_break_holder] -->}<!-- [et_pb_line_break_holder] --><!-- [et_pb_line_break_holder] --><\/style>\n<p>[\/et_pb_code][\/et_pb_column][\/et_pb_row][et_pb_row use_custom_gutter=&#8221;on&#8221; gutter_width=&#8221;2&#8243; make_equal=&#8221;on&#8221; disabled_on=&#8221;off|off|on&#8221; _builder_version=&#8221;4.27.4&#8243; width=&#8221;90%&#8221; width_tablet=&#8221;90%&#8221; width_phone=&#8221;90%&#8221; width_last_edited=&#8221;on|tablet&#8221; max_width=&#8221;1300px&#8221; max_width_tablet=&#8221;90%&#8221; max_width_phone=&#8221;90%&#8221; max_width_last_edited=&#8221;off|desktop&#8221; custom_padding=&#8221;0px||0px||false|false&#8221; global_colors_info=&#8221;{}&#8221;][et_pb_column type=&#8221;4_4&#8243; _builder_version=&#8221;4.18.0&#8243; animation_direction=&#8221;right&#8221; global_colors_info=&#8221;{}&#8221;][et_pb_text _builder_version=&#8221;4.27.4&#8243; header_3_font=&#8221;Marcellus|700|||||||&#8221; header_3_text_align=&#8221;left&#8221; header_3_text_color=&#8221;#FFFFFF&#8221; header_3_font_size=&#8221;40px&#8221; header_3_letter_spacing=&#8221;-1px&#8221; header_3_line_height=&#8221;1.2em&#8221; custom_margin=&#8221;-5px||||false|false&#8221; custom_margin_tablet=&#8221;40px||||false|false&#8221; custom_margin_phone=&#8221;40px||||false|false&#8221; custom_margin_last_edited=&#8221;on|phone&#8221; header_3_font_size_tablet=&#8221;&#8221; header_3_font_size_phone=&#8221;30px&#8221; header_3_font_size_last_edited=&#8221;on|phone&#8221; global_colors_info=&#8221;{}&#8221;]<\/p>\n<h3>Cont\u00e1ctame hoy para reservar una cita y obtener<\/h3>\n<p>[\/et_pb_text][et_pb_text _builder_version=&#8221;4.27.4&#8243; text_font=&#8221;Poppins||||||||&#8221; text_text_color=&#8221;#e1b75e&#8221; text_font_size=&#8221;21px&#8221; text_line_height=&#8221;1.5em&#8221; custom_margin=&#8221;-15px||||false|false&#8221; custom_margin_tablet=&#8221;-25px||||false|false&#8221; custom_margin_phone=&#8221;-25px||19px||false|false&#8221; custom_margin_last_edited=&#8221;on|phone&#8221; global_colors_info=&#8221;{}&#8221;]<\/p>\n<p>una evaluaci\u00f3n gratuita<\/p>\n<p>[\/et_pb_text][et_pb_divider show_divider=&#8221;off&#8221; _builder_version=&#8221;4.27.4&#8243; custom_margin=&#8221;20px||-13px||false|false&#8221; custom_padding=&#8221;0px||0px||true|false&#8221; global_colors_info=&#8221;{}&#8221;][\/et_pb_divider][\/et_pb_column][\/et_pb_row][et_pb_row _builder_version=&#8221;4.27.4&#8243; _module_preset=&#8221;default&#8221; width=&#8221;100%&#8221; max_width=&#8221;100%&#8221; custom_margin=&#8221;0px||0px||false|false&#8221; custom_padding=&#8221;0px||0px||false|false&#8221; global_colors_info=&#8221;{}&#8221;][et_pb_column type=&#8221;4_4&#8243; _builder_version=&#8221;4.24.3&#8243; _module_preset=&#8221;default&#8221; global_colors_info=&#8221;{}&#8221;][et_pb_divider color=&#8221;rgba(255,255,255,0.5)&#8221; _builder_version=&#8221;4.24.3&#8243; _module_preset=&#8221;default&#8221; max_height=&#8221;1px&#8221; custom_margin=&#8221;0px||0px||false|false&#8221; custom_padding=&#8221;0px||0px||false|false&#8221; global_colors_info=&#8221;{}&#8221;][\/et_pb_divider][\/et_pb_column][\/et_pb_row][\/et_pb_section][et_pb_section fb_built=&#8221;1&#8243; _builder_version=&#8221;4.18.0&#8243; background_color=&#8221;#ededed&#8221; background_enable_image=&#8221;off&#8221; background_position=&#8221;top_center&#8221; custom_padding=&#8221;57px||57px||true|false&#8221; global_colors_info=&#8221;{}&#8221;][et_pb_row column_structure=&#8221;1_2,1_2&#8243; use_custom_gutter=&#8221;on&#8221; gutter_width=&#8221;2&#8243; make_equal=&#8221;on&#8221; _builder_version=&#8221;4.27.4&#8243; width=&#8221;90%&#8221; width_tablet=&#8221;90%&#8221; width_phone=&#8221;90%&#8221; width_last_edited=&#8221;on|tablet&#8221; max_width=&#8221;1300px&#8221; max_width_tablet=&#8221;90%&#8221; max_width_phone=&#8221;90%&#8221; max_width_last_edited=&#8221;off|desktop&#8221; custom_padding=&#8221;0px||0px||false|false&#8221; global_colors_info=&#8221;{}&#8221;][et_pb_column type=&#8221;1_2&#8243; _builder_version=&#8221;4.18.0&#8243; animation_direction=&#8221;right&#8221; global_colors_info=&#8221;{}&#8221;][et_pb_text disabled_on=&#8221;on|on|off&#8221; _builder_version=&#8221;4.27.4&#8243; header_3_font=&#8221;Marcellus|700|||||||&#8221; header_3_text_align=&#8221;left&#8221; header_3_text_color=&#8221;#000000&#8243; header_3_font_size=&#8221;40px&#8221; header_3_letter_spacing=&#8221;-1px&#8221; header_3_line_height=&#8221;1.2em&#8221; custom_margin=&#8221;-5px||||false|false&#8221; custom_margin_tablet=&#8221;40px||||false|false&#8221; custom_margin_phone=&#8221;40px||||false|false&#8221; custom_margin_last_edited=&#8221;on|phone&#8221; header_3_font_size_tablet=&#8221;&#8221; header_3_font_size_phone=&#8221;30px&#8221; header_3_font_size_last_edited=&#8221;on|phone&#8221; global_colors_info=&#8221;{}&#8221;]<\/p>\n<h3>Cont\u00e1ctame hoy para reservar una cita y obtener<\/h3>\n<p>[\/et_pb_text][et_pb_text disabled_on=&#8221;on|on|off&#8221; _builder_version=&#8221;4.27.4&#8243; text_font=&#8221;Poppins||||||||&#8221; text_text_color=&#8221;gcid-primary-color&#8221; text_font_size=&#8221;24px&#8221; text_line_height=&#8221;1.5em&#8221; custom_margin=&#8221;-15px||||false|false&#8221; custom_margin_tablet=&#8221;-25px||||false|false&#8221; custom_margin_phone=&#8221;-25px||19px||false|false&#8221; custom_margin_last_edited=&#8221;on|phone&#8221; global_colors_info=&#8221;{%22gcid-primary-color%22:%91%22text_text_color%22%93}&#8221;]<\/p>\n<p>una evaluaci\u00f3n gratuita<\/p>\n<p>[\/et_pb_text][et_pb_text _builder_version=&#8221;4.27.4&#8243; text_font=&#8221;Roboto Condensed||||||||&#8221; text_text_color=&#8221;#636363&#8243; text_font_size=&#8221;15px&#8221; text_line_height=&#8221;1.8em&#8221; max_width=&#8221;86%&#8221; custom_margin=&#8221;24px||||false|false&#8221; custom_padding=&#8221;||||false|false&#8221; global_colors_info=&#8221;{}&#8221;]<\/p>\n<p>En Govea Immigration Services, tu tiempo y comodidad son importantes. La mayor\u00eda de las citas se realizan de forma virtual, para que puedas conectarte desde cualquier lugar.<span class=\"Apple-converted-space\"> <\/span>Para reuniones presenciales, por favor confirma la disponibilidad con anticipaci\u00f3n.<span class=\"Apple-converted-space\"> <\/span><\/p>\n<p>Horario de oficina:<br \/>Lunes a jueves: 9:00 a. m. \u2013 5:00 p. m.<br \/>Viernes: 8:30 a. m. \u2013 4:30 p. m.<span class=\"Apple-converted-space\"> <\/span><\/p>\n<p>[\/et_pb_text][et_pb_divider show_divider=&#8221;off&#8221; _builder_version=&#8221;4.27.4&#8243; custom_margin=&#8221;20px||-13px||false|false&#8221; custom_padding=&#8221;0px||0px||true|false&#8221; global_colors_info=&#8221;{}&#8221;][\/et_pb_divider][et_pb_blurb title=&#8221;+1 (416) 528-3257&#8243; url=&#8221;#&#8221; use_icon=&#8221;on&#8221; font_icon=&#8221;&#xf879;||fa||900&#8243; icon_placement=&#8221;left&#8221; image_icon_width=&#8221;25px&#8221; content_max_width=&#8221;100%&#8221; _builder_version=&#8221;4.27.4&#8243; header_font=&#8221;Poppins|700|||||||&#8221; header_text_align=&#8221;left&#8221; header_text_color=&#8221;gcid-body-color&#8221; header_font_size=&#8221;19px&#8221; custom_margin=&#8221;20px||||false|false&#8221; custom_margin_tablet=&#8221;-20px||||false|false&#8221; custom_margin_phone=&#8221;-20px||||false|false&#8221; custom_margin_last_edited=&#8221;on|phone&#8221; animation=&#8221;off&#8221; custom_css_blurb_title=&#8221;margin-left: -10px&#8221; image_max_width=&#8221;25px&#8221; global_colors_info=&#8221;{%22gcid-body-color%22:%91%22header_text_color%22%93}&#8221;][\/et_pb_blurb][\/et_pb_column][et_pb_column type=&#8221;1_2&#8243; _builder_version=&#8221;4.18.0&#8243; custom_padding=&#8221;|30px|||false|false&#8221; custom_padding_tablet=&#8221;|0px|||false|false&#8221; custom_padding_phone=&#8221;|0px|||false|false&#8221; custom_padding_last_edited=&#8221;on|phone&#8221; animation_direction=&#8221;left&#8221; global_colors_info=&#8221;{}&#8221;][et_pb_contact_form captcha=&#8221;off&#8221; email=&#8221;info@goveaimmigration.com&#8221; submit_button_text=&#8221;Enviar&#8221; _builder_version=&#8221;4.27.4&#8243; _unique_id=&#8221;857d29c1-4415-4560-aafb-adcb42aeb85b&#8221; form_field_background_color=&#8221;#ffffff&#8221; form_field_text_color=&#8221;#000000&#8243; form_field_focus_background_color=&#8221;#ffffff&#8221; form_field_focus_text_color=&#8221;#000000&#8243; form_field_custom_margin=&#8221;19px||19px||true|false&#8221; form_field_custom_padding=&#8221;13px|25px|13px|25px|true|true&#8221; title_font=&#8221;Poppins|700|||||||&#8221; title_text_align=&#8221;left&#8221; title_text_color=&#8221;#000000&#8243; title_font_size=&#8221;25px&#8221; form_field_font=&#8221;&#8211;et_global_body_font||||||||&#8221; form_field_text_align=&#8221;left&#8221; form_field_font_size=&#8221;15px&#8221; form_field_line_height=&#8221;1.8em&#8221; custom_button=&#8221;on&#8221; button_text_size=&#8221;14px&#8221; button_text_color=&#8221;#ffffff&#8221; button_bg_color=&#8221;gcid-primary-color&#8221; button_border_color=&#8221;gcid-primary-color&#8221; button_border_radius=&#8221;0px&#8221; button_font=&#8221;Poppins|600||on|||||&#8221; button_icon=&#8221;&#xf061;||fa||900&#8243; button_on_hover=&#8221;off&#8221; button_custom_margin=&#8221;8px||||false|false&#8221; button_custom_padding=&#8221;15px|40px|15px|30px|true|false&#8221; custom_margin=&#8221;0px||||false|false&#8221; border_color_all=&#8221;#dbdbdb&#8221; global_colors_info=&#8221;{%22gcid-primary-color%22:%91%22button_bg_color%22,%22button_border_color%22%93}&#8221; button_text_color__hover_enabled=&#8221;off|desktop&#8221; button_text_color__hover=&#8221;#ffffff&#8221; button_bg_color__hover_enabled=&#8221;off|desktop&#8221; button_bg_color__hover=&#8221;#89C709&#8243; button_bg_enable_color__hover=&#8221;on&#8221; button_border_color__hover_enabled=&#8221;off|desktop&#8221; button_border_color__hover=&#8221;#89C709&#8243; button_letter_spacing__hover_enabled=&#8221;on|hover&#8221; button_letter_spacing__hover=&#8221;0px&#8221;][et_pb_contact_field field_id=&#8221;Name&#8221; field_title=&#8221;Nombre y Apellido&#8221; fullwidth_field=&#8221;on&#8221; _builder_version=&#8221;4.16&#8243; global_colors_info=&#8221;{}&#8221; button_text_size__hover_enabled=&#8221;off&#8221; button_one_text_size__hover_enabled=&#8221;off&#8221; button_two_text_size__hover_enabled=&#8221;off&#8221; button_text_color__hover_enabled=&#8221;off&#8221; button_one_text_color__hover_enabled=&#8221;off&#8221; button_two_text_color__hover_enabled=&#8221;off&#8221; button_border_width__hover_enabled=&#8221;off&#8221; button_one_border_width__hover_enabled=&#8221;off&#8221; button_two_border_width__hover_enabled=&#8221;off&#8221; button_border_color__hover_enabled=&#8221;off&#8221; button_one_border_color__hover_enabled=&#8221;off&#8221; button_two_border_color__hover_enabled=&#8221;off&#8221; button_border_radius__hover_enabled=&#8221;off&#8221; button_one_border_radius__hover_enabled=&#8221;off&#8221; button_two_border_radius__hover_enabled=&#8221;off&#8221; button_letter_spacing__hover_enabled=&#8221;off&#8221; button_one_letter_spacing__hover_enabled=&#8221;off&#8221; button_two_letter_spacing__hover_enabled=&#8221;off&#8221; button_bg_color__hover_enabled=&#8221;off&#8221; button_one_bg_color__hover_enabled=&#8221;off&#8221; button_two_bg_color__hover_enabled=&#8221;off&#8221;][\/et_pb_contact_field][et_pb_contact_field field_id=&#8221;Email&#8221; field_title=&#8221;Correo electr\u00f3nico&#8221; field_type=&#8221;email&#8221; fullwidth_field=&#8221;on&#8221; _builder_version=&#8221;4.16&#8243; global_colors_info=&#8221;{}&#8221; button_text_size__hover_enabled=&#8221;off&#8221; button_one_text_size__hover_enabled=&#8221;off&#8221; button_two_text_size__hover_enabled=&#8221;off&#8221; button_text_color__hover_enabled=&#8221;off&#8221; button_one_text_color__hover_enabled=&#8221;off&#8221; button_two_text_color__hover_enabled=&#8221;off&#8221; button_border_width__hover_enabled=&#8221;off&#8221; button_one_border_width__hover_enabled=&#8221;off&#8221; button_two_border_width__hover_enabled=&#8221;off&#8221; button_border_color__hover_enabled=&#8221;off&#8221; button_one_border_color__hover_enabled=&#8221;off&#8221; button_two_border_color__hover_enabled=&#8221;off&#8221; button_border_radius__hover_enabled=&#8221;off&#8221; button_one_border_radius__hover_enabled=&#8221;off&#8221; button_two_border_radius__hover_enabled=&#8221;off&#8221; button_letter_spacing__hover_enabled=&#8221;off&#8221; button_one_letter_spacing__hover_enabled=&#8221;off&#8221; button_two_letter_spacing__hover_enabled=&#8221;off&#8221; button_bg_color__hover_enabled=&#8221;off&#8221; button_one_bg_color__hover_enabled=&#8221;off&#8221; button_two_bg_color__hover_enabled=&#8221;off&#8221;][\/et_pb_contact_field][et_pb_contact_field field_id=&#8221;phone&#8221; field_title=&#8221;N\u00famero de tel\u00e9fono&#8221; fullwidth_field=&#8221;on&#8221; _builder_version=&#8221;4.16&#8243; global_colors_info=&#8221;{}&#8221; button_text_size__hover_enabled=&#8221;off&#8221; button_one_text_size__hover_enabled=&#8221;off&#8221; button_two_text_size__hover_enabled=&#8221;off&#8221; button_text_color__hover_enabled=&#8221;off&#8221; button_one_text_color__hover_enabled=&#8221;off&#8221; button_two_text_color__hover_enabled=&#8221;off&#8221; button_border_width__hover_enabled=&#8221;off&#8221; button_one_border_width__hover_enabled=&#8221;off&#8221; button_two_border_width__hover_enabled=&#8221;off&#8221; button_border_color__hover_enabled=&#8221;off&#8221; button_one_border_color__hover_enabled=&#8221;off&#8221; button_two_border_color__hover_enabled=&#8221;off&#8221; button_border_radius__hover_enabled=&#8221;off&#8221; button_one_border_radius__hover_enabled=&#8221;off&#8221; button_two_border_radius__hover_enabled=&#8221;off&#8221; button_letter_spacing__hover_enabled=&#8221;off&#8221; button_one_letter_spacing__hover_enabled=&#8221;off&#8221; button_two_letter_spacing__hover_enabled=&#8221;off&#8221; button_bg_color__hover_enabled=&#8221;off&#8221; button_one_bg_color__hover_enabled=&#8221;off&#8221; button_two_bg_color__hover_enabled=&#8221;off&#8221;][\/et_pb_contact_field][et_pb_contact_field field_id=&#8221;Select&#8221; field_title=&#8221;Seleccione sus Servicios&#8221; field_type=&#8221;select&#8221; select_options=&#8221;%91{%22value%22:%22Residencia Temporal%22,%22checked%22:0,%22dragID%22:-1},{%22value%22:%22Residencia Permanente%22,%22checked%22:0,%22dragID%22:0},{%22value%22:%22Ciudadan\u00eda Canadiense%22,%22checked%22:0,%22dragID%22:1},{%22value%22:%22Otros%22,%22checked%22:0,%22dragID%22:2}%93&#8243; fullwidth_field=&#8221;on&#8221; _builder_version=&#8221;4.27.4&#8243; global_colors_info=&#8221;{}&#8221;][\/et_pb_contact_field][et_pb_contact_field field_id=&#8221;Message&#8221; field_title=&#8221;Su mensaje&#8221; field_type=&#8221;text&#8221; fullwidth_field=&#8221;on&#8221; _builder_version=&#8221;4.16&#8243; global_colors_info=&#8221;{}&#8221; button_text_size__hover_enabled=&#8221;off&#8221; button_one_text_size__hover_enabled=&#8221;off&#8221; button_two_text_size__hover_enabled=&#8221;off&#8221; button_text_color__hover_enabled=&#8221;off&#8221; button_one_text_color__hover_enabled=&#8221;off&#8221; button_two_text_color__hover_enabled=&#8221;off&#8221; button_border_width__hover_enabled=&#8221;off&#8221; button_one_border_width__hover_enabled=&#8221;off&#8221; button_two_border_width__hover_enabled=&#8221;off&#8221; button_border_color__hover_enabled=&#8221;off&#8221; button_one_border_color__hover_enabled=&#8221;off&#8221; button_two_border_color__hover_enabled=&#8221;off&#8221; button_border_radius__hover_enabled=&#8221;off&#8221; button_one_border_radius__hover_enabled=&#8221;off&#8221; button_two_border_radius__hover_enabled=&#8221;off&#8221; button_letter_spacing__hover_enabled=&#8221;off&#8221; button_one_letter_spacing__hover_enabled=&#8221;off&#8221; button_two_letter_spacing__hover_enabled=&#8221;off&#8221; button_bg_color__hover_enabled=&#8221;off&#8221; button_one_bg_color__hover_enabled=&#8221;off&#8221; button_two_bg_color__hover_enabled=&#8221;off&#8221;][\/et_pb_contact_field][\/et_pb_contact_form][\/et_pb_column][\/et_pb_row][\/et_pb_section]<\/p>\n","protected":false},"excerpt":{"rendered":"<p>CONTACTOCont\u00e1ctame hoy para reservar una cita y obteneruna evaluaci\u00f3n gratuitaCont\u00e1ctame hoy para reservar una cita y obteneruna evaluaci\u00f3n gratuitaEn Govea Immigration Services, tu tiempo y comodidad son importantes. La mayor\u00eda de las citas se realizan de forma virtual, para que puedas conectarte desde cualquier lugar. Para reuniones presenciales, por favor confirma la disponibilidad con anticipaci\u00f3n. [&hellip;]<\/p>\n","protected":false},"author":1,"featured_media":0,"parent":0,"menu_order":0,"comment_status":"closed","ping_status":"closed","template":"","meta":{"_et_pb_use_builder":"on","_et_pb_old_content":"","_et_gb_content_width":"","footnotes":""},"class_list":["post-71295","page","type-page","status-publish","hentry"],"_hostinger_reach_plugin_has_subscription_block":false,"_hostinger_reach_plugin_is_elementor":false,"_links":{"self":[{"href":"https:\/\/goveaimmigration.com\/es\/wp-json\/wp\/v2\/pages\/71295","targetHints":{"allow":["GET"]}}],"collection":[{"href":"https:\/\/goveaimmigration.com\/es\/wp-json\/wp\/v2\/pages"}],"about":[{"href":"https:\/\/goveaimmigration.com\/es\/wp-json\/wp\/v2\/types\/page"}],"author":[{"embeddable":true,"href":"https:\/\/goveaimmigration.com\/es\/wp-json\/wp\/v2\/users\/1"}],"replies":[{"embeddable":true,"href":"https:\/\/goveaimmigration.com\/es\/wp-json\/wp\/v2\/comments?post=71295"}],"version-history":[{"count":2,"href":"https:\/\/goveaimmigration.com\/es\/wp-json\/wp\/v2\/pages\/71295\/revisions"}],"predecessor-version":[{"id":71297,"href":"https:\/\/goveaimmigration.com\/es\/wp-json\/wp\/v2\/pages\/71295\/revisions\/71297"}],"wp:attachment":[{"href":"https:\/\/goveaimmigration.com\/es\/wp-json\/wp\/v2\/media?parent=71295"}],"curies":[{"name":"wp","href":"https:\/\/api.w.org\/{rel}","templated":true}]}}